{"id":425,"date":"2021-04-10T04:42:28","date_gmt":"2021-04-10T04:42:28","guid":{"rendered":"https:\/\/sunahla.ch\/?page_id=425"},"modified":"2025-04-28T13:12:55","modified_gmt":"2025-04-28T11:12:55","slug":"komplementaer-therapie-polarity-mehr-energie-lebensfreude","status":"publish","type":"page","link":"https:\/\/www.sunahla.ch\/?page_id=425","title":{"rendered":"Komplement\u00e4r Therapie Polarity"},"content":{"rendered":"\r\n<div class=\"wp-block-columns is-layout-flex wp-container-core-columns-is-layout-9d6595d7 wp-block-columns-is-layout-flex\">\r\n<div class=\"wp-block-column is-layout-flow wp-block-column-is-layout-flow\">\r\n<h2>Komplement\u00e4r Therapie Polarity :<\/h2>\r\n<h2>Mehr Energie &#038; Lebensfreude<\/h2>\r\n<p>Manchmal scheint das Leben schwierig, es fehlt an Energie, Freude und Motivation. Probleme in Beziehungen, bei der Arbeit, in der Schule nehmen \u00fcberhand und die Gedanken drehen sich im Kreis.<\/p>\r\n<p>Solche Krisen k\u00f6nnen Schlaflosigkeit, Aengste, Ersch\u00f6pfung, Burnout, depressive Verstimmungen, Wut oder auch k\u00f6rperliche Beschwerden wie R\u00fccken- und Kopfschmerzen, Verspannungen, Herzrythmusst\u00f6rungen, Magenschmerzen, Verdauungsprobleme und vieles mehr ausl\u00f6sen.<\/p>\r\n<p>Das <strong>psychologische Gespr\u00e4ch<\/strong> und die Komplement\u00e4r Therapie Polarity kann dabei helfen, wieder Boden unter den F\u00fcssen zu bekommen, innezuhalten, neue Perspektiven zu erkennen und so wieder mehr Energie, Lebensfreude und Gesundheit zu erlangen.<\/p>\r\n<p>In einem ersten ausf\u00fchrlichen Gespr\u00e4ch finden wir gemeinsam heraus, was Sie brauchen, wie ich Sie am besten unterst\u00fctzen und begleiten kann, damit es Ihnen wieder besser geht.<\/p>\r\n<h3>Das psychologisch beratende Gespr\u00e4ch wird begleitend zur K\u00f6rper-, Energie und Atemarbeit eingesetzt.<\/h3>\r\n<p>Die K\u00f6rperenergiearbeit geschieht auf der Liege mittels Ber\u00fchrung (angekleidet) oder \u00fcber Anleitung von achtsamen Atem- und K\u00f6rper\u00fcbungen.<\/p>\r\n<h5>Komplement\u00e4r Therapie Polarity verhilft zu mehr Achtsamkeit, verbessert die Selbstwahrnehmung, unterst\u00fctzt die Selbstregulation (Vegetatives Nervensystem) und st\u00e4rkt nachhaltig die eigene Genesungskompetenz.<\/h5>\r\n<p>F\u00fcr ein besseres Wohlbefinden und mehr Energie kann auch eine optimierte Ern\u00e4hrung hilfreich sein. Polarity betrachtet den Menschen ganzheitlich und bezieht alle Aspekte des Lebens mit in die Therapie ein.<\/p>\r\n<p>Ich bin ge\u00fcbt darin, Komplement\u00e4r Therapie Polarity auch<strong> online zu praktizieren<\/strong>. Dabei kommt neben der psychologischen Beratung\u00a0 und Prozessbegleitung die Anleitung f\u00fcr K\u00f6rper- und Energiearbeit im Liegen zum Tragen. Sie lernen schnell, wie sie sich selber helfen k\u00f6nnen.<\/p>\r\n<h5><strong>Ziele der Komplement\u00e4rtherapie sind:<\/strong><\/h5>\r\n<ul>\r\n<li>Wiedererlangen von k\u00f6rperlicher und seelischer Kraft, Stabilit\u00e4t und Flexibilit\u00e4t<\/li>\r\n<li>St\u00e4rkung der Selbstregulation<\/li>\r\n<li>F\u00f6rderung der Selbstwahrnehmung<\/li>\r\n<li>St\u00e4rkung der Genesungskompetenz<\/li>\r\n<li>Sichtbarmachen von Ressourcen<\/li>\r\n<li>Initiieren und St\u00e4rken von Genesungsprozessen<\/li>\r\n<li>Verbesserung des Umgangs mit Belastung, Schmerz und seelischem Leid<\/li>\r\n<li>St\u00e4rkung der Resilienz<\/li>\r\n<\/ul>\r\n<\/div>\r\n\r\n\r\n\r\n<div class=\"wp-block-column is-layout-flow wp-block-column-is-layout-flow\">\r\n<figure class=\"wp-block-image size-large\"><img decoding=\"async\" class=\"wp-image-31\" src=\"https:\/\/sunahla.ch\/wp-content\/uploads\/2021\/05\/21-Polaritytherapie.jpg\" alt=\"\" \/>\r\n<figcaption class=\"wp-element-caption\"><strong>Komplement\u00e4r Therapie Polarity<\/strong>: Einfach mehr Energie und Lebensfreude<\/figcaption>\r\n<\/figure>\r\n\r\n\r\n\r\n<h1 class=\"wp-block-heading\">Komplement\u00e4r Therapie Polarity<\/h1>\r\n\r\n\r\n\r\n<div class=\"wp-block-buttons is-layout-flex wp-block-buttons-is-layout-flex\">\r\n<div class=\"wp-block-button\"><a class=\"wp-block-button__link wp-element-button\" href=\"https:\/\/www.sunahla.ch\/?page_id=953\">Sitzung buchen<\/a><\/div>\r\n<\/div>\r\n<\/div>\r\n<\/div>\r\n\r\n<h5><strong>Einzelsitzungen auch online auf Vereinbarung verf\u00fcgbar!<\/strong><\/h5>\r\n<p>&nbsp;<\/p>\r\n<h4><strong>Komplement\u00e4r Therapie ist hilfreich bei:<\/strong><\/h4>\r\n<ul>\r\n<li>Somatischen und psychosomatischen Beschwerden<\/li>\r\n<li>Befindlichkeitsst\u00f6rungen und psychischem Leid<\/li>\r\n<li>Zur Rehabilitation<\/li>\r\n<li>Bei medizinisch abgekl\u00e4rten funktionellen oder diffusen Beschwerden<\/li>\r\n<li>Bei medizinisch abgekl\u00e4rten Krankheiten oder Behinderungen<\/li>\r\n<li>Zur Verbesserung der Selbstwahrnehmung, Zentriertheit und Klarheit.<\/li>\r\n<\/ul>\r\n<p><a href=\"https:\/\/www.polarity-schweiz.ch\/wp-content\/uploads\/METID-Polarity-De-Vs-20160902.pdf\" target=\"_blank\" rel=\"noopener\">Methodenidentifikation<\/a><\/p>\r\n<p><a href=\"https:\/\/polarity-schweiz.ch\/wirkt\/?range=50&#038;po_name=sunahla&#038;latitude=47.5226485&#038;longitude=7.6150661&#038;location=M%C3%BCnchenstein\">www.polarity-schweiz.ch<\/a><\/p>\r\n<p><a href=\"https:\/\/polarity-schweiz.ch\/povs-video\/\" target=\"_blank\" rel=\"noopener\">Was ist Polarity?<\/a><\/p>\r\n<p><strong>\u00a0<\/strong><\/p>\r\n\r\n<p>&nbsp;<\/p>\r\n","protected":false},"excerpt":{"rendered":"<p>Komplement\u00e4r Therapie Polarity : Mehr Energie &#038; Lebensfreude Manchmal scheint das Leben schwierig, es fehlt an Energie, Freude und Motivation. Probleme in Beziehungen, bei der Arbeit, in der Schule nehmen \u00fcberhand und die Gedanken drehen sich im Kreis. Solche Krisen k\u00f6nnen Schlaflosigkeit, Aengste, Ersch\u00f6pfung, Burnout, depressive Verstimmungen, Wut oder auch k\u00f6rperliche Beschwerden wie R\u00fccken- und [&hellip;]<\/p>\n","protected":false},"author":1,"featured_media":0,"parent":0,"menu_order":0,"comment_status":"closed","ping_status":"closed","template":"","meta":{"footnotes":""},"class_list":["post-425","page","type-page","status-publish","hentry"],"yoast_head":"<!-- This site is optimized with the Yoast SEO plugin v27.4 - https:\/\/yoast.com\/product\/yoast-seo-wordpress\/ -->\n<title>Komplement\u00e4r Therapie Polarity - Komplement\u00e4rtherapeutin HFP | Supervisorin | Coach<\/title>\n<meta name=\"description\" content=\"Komplementaer Therapie Polarity psychologische Beratung Counseling Gespr\u00e4ch Atem Online Yoga Ersch\u00f6pfung Depression Trauer Angst Schmerzen\" \/>\n<meta name=\"robots\" content=\"index, follow, max-snippet:-1, max-image-preview:large, max-video-preview:-1\" \/>\n<link rel=\"canonical\" href=\"https:\/\/www.sunahla.ch\/?page_id=425\" \/>\n<meta property=\"og:locale\" content=\"de_DE\" \/>\n<meta property=\"og:type\" content=\"article\" \/>\n<meta property=\"og:title\" content=\"Komplement\u00e4r Therapie Polarity - Komplement\u00e4rtherapeutin HFP | Supervisorin | Coach\" \/>\n<meta property=\"og:description\" content=\"Komplementaer Therapie Polarity psychologische Beratung Counseling Gespr\u00e4ch Atem Online Yoga Ersch\u00f6pfung Depression Trauer Angst Schmerzen\" \/>\n<meta property=\"og:url\" content=\"https:\/\/www.sunahla.ch\/?page_id=425\" \/>\n<meta property=\"og:site_name\" content=\"Komplement\u00e4rtherapeutin HFP | Supervisorin | Coach\" \/>\n<meta property=\"article:modified_time\" content=\"2025-04-28T11:12:55+00:00\" \/>\n<meta property=\"og:image\" content=\"https:\/\/www.sunahla.ch\/wp-content\/uploads\/2021\/03\/Gespra\u0308ch1.jpg\" \/>\n\t<meta property=\"og:image:width\" content=\"1920\" \/>\n\t<meta property=\"og:image:height\" content=\"1282\" \/>\n\t<meta property=\"og:image:type\" content=\"image\/jpeg\" \/>\n<meta name=\"twitter:card\" content=\"summary_large_image\" \/>\n<meta name=\"twitter:label1\" content=\"Gesch\u00e4tzte Lesezeit\" \/>\n\t<meta name=\"twitter:data1\" content=\"3\u00a0Minuten\" \/>\n<script type=\"application\/ld+json\" class=\"yoast-schema-graph\">{\"@context\":\"https:\\\/\\\/schema.org\",\"@graph\":[{\"@type\":\"WebPage\",\"@id\":\"https:\\\/\\\/www.sunahla.ch\\\/?page_id=425\",\"url\":\"https:\\\/\\\/www.sunahla.ch\\\/?page_id=425\",\"name\":\"Komplement\u00e4r Therapie Polarity - Komplement\u00e4rtherapeutin HFP | Supervisorin | Coach\",\"isPartOf\":{\"@id\":\"https:\\\/\\\/www.sunahla.ch\\\/#website\"},\"primaryImageOfPage\":{\"@id\":\"https:\\\/\\\/www.sunahla.ch\\\/?page_id=425#primaryimage\"},\"image\":{\"@id\":\"https:\\\/\\\/www.sunahla.ch\\\/?page_id=425#primaryimage\"},\"thumbnailUrl\":\"https:\\\/\\\/sunahla.ch\\\/wp-content\\\/uploads\\\/2021\\\/05\\\/21-Polaritytherapie.jpg\",\"datePublished\":\"2021-04-10T04:42:28+00:00\",\"dateModified\":\"2025-04-28T11:12:55+00:00\",\"description\":\"Komplementaer Therapie Polarity psychologische Beratung Counseling Gespr\u00e4ch Atem Online Yoga Ersch\u00f6pfung Depression Trauer Angst Schmerzen\",\"breadcrumb\":{\"@id\":\"https:\\\/\\\/www.sunahla.ch\\\/?page_id=425#breadcrumb\"},\"inLanguage\":\"de-CH\",\"potentialAction\":[{\"@type\":\"ReadAction\",\"target\":[\"https:\\\/\\\/www.sunahla.ch\\\/?page_id=425\"]}]},{\"@type\":\"ImageObject\",\"inLanguage\":\"de-CH\",\"@id\":\"https:\\\/\\\/www.sunahla.ch\\\/?page_id=425#primaryimage\",\"url\":\"https:\\\/\\\/sunahla.ch\\\/wp-content\\\/uploads\\\/2021\\\/05\\\/21-Polaritytherapie.jpg\",\"contentUrl\":\"https:\\\/\\\/sunahla.ch\\\/wp-content\\\/uploads\\\/2021\\\/05\\\/21-Polaritytherapie.jpg\"},{\"@type\":\"BreadcrumbList\",\"@id\":\"https:\\\/\\\/www.sunahla.ch\\\/?page_id=425#breadcrumb\",\"itemListElement\":[{\"@type\":\"ListItem\",\"position\":1,\"name\":\"Home\",\"item\":\"https:\\\/\\\/www.sunahla.ch\\\/\"},{\"@type\":\"ListItem\",\"position\":2,\"name\":\"Komplement\u00e4r Therapie Polarity\"}]},{\"@type\":\"WebSite\",\"@id\":\"https:\\\/\\\/www.sunahla.ch\\\/#website\",\"url\":\"https:\\\/\\\/www.sunahla.ch\\\/\",\"name\":\"Komplement\u00e4rtherapeutin HFP | Supervisorin | Coach\",\"description\":\"Sunahla Nicole Sthioul | Komplement\u00e4rtherapeutin HFP | Supervisorin | Coach\",\"publisher\":{\"@id\":\"https:\\\/\\\/www.sunahla.ch\\\/#organization\"},\"potentialAction\":[{\"@type\":\"SearchAction\",\"target\":{\"@type\":\"EntryPoint\",\"urlTemplate\":\"https:\\\/\\\/www.sunahla.ch\\\/?s={search_term_string}\"},\"query-input\":{\"@type\":\"PropertyValueSpecification\",\"valueRequired\":true,\"valueName\":\"search_term_string\"}}],\"inLanguage\":\"de-CH\"},{\"@type\":\"Organization\",\"@id\":\"https:\\\/\\\/www.sunahla.ch\\\/#organization\",\"name\":\"Komplement\u00e4rtherapeutin HFP | Supervisorin | Coach\",\"url\":\"https:\\\/\\\/www.sunahla.ch\\\/\",\"logo\":{\"@type\":\"ImageObject\",\"inLanguage\":\"de-CH\",\"@id\":\"https:\\\/\\\/www.sunahla.ch\\\/#\\\/schema\\\/logo\\\/image\\\/\",\"url\":\"https:\\\/\\\/www.sunahla.ch\\\/wp-content\\\/uploads\\\/2021\\\/03\\\/Logo.png\",\"contentUrl\":\"https:\\\/\\\/www.sunahla.ch\\\/wp-content\\\/uploads\\\/2021\\\/03\\\/Logo.png\",\"width\":80,\"height\":80,\"caption\":\"Komplement\u00e4rtherapeutin HFP | Supervisorin | Coach\"},\"image\":{\"@id\":\"https:\\\/\\\/www.sunahla.ch\\\/#\\\/schema\\\/logo\\\/image\\\/\"}}]}<\/script>\n<!-- \/ Yoast SEO plugin. -->","yoast_head_json":{"title":"Komplement\u00e4r Therapie Polarity - Komplement\u00e4rtherapeutin HFP | Supervisorin | Coach","description":"Komplementaer Therapie Polarity psychologische Beratung Counseling Gespr\u00e4ch Atem Online Yoga Ersch\u00f6pfung Depression Trauer Angst Schmerzen","robots":{"index":"index","follow":"follow","max-snippet":"max-snippet:-1","max-image-preview":"max-image-preview:large","max-video-preview":"max-video-preview:-1"},"canonical":"https:\/\/www.sunahla.ch\/?page_id=425","og_locale":"de_DE","og_type":"article","og_title":"Komplement\u00e4r Therapie Polarity - Komplement\u00e4rtherapeutin HFP | Supervisorin | Coach","og_description":"Komplementaer Therapie Polarity psychologische Beratung Counseling Gespr\u00e4ch Atem Online Yoga Ersch\u00f6pfung Depression Trauer Angst Schmerzen","og_url":"https:\/\/www.sunahla.ch\/?page_id=425","og_site_name":"Komplement\u00e4rtherapeutin HFP | Supervisorin | Coach","article_modified_time":"2025-04-28T11:12:55+00:00","og_image":[{"width":1920,"height":1282,"url":"https:\/\/www.sunahla.ch\/wp-content\/uploads\/2021\/03\/Gespra\u0308ch1.jpg","type":"image\/jpeg"}],"twitter_card":"summary_large_image","twitter_misc":{"Gesch\u00e4tzte Lesezeit":"3\u00a0Minuten"},"schema":{"@context":"https:\/\/schema.org","@graph":[{"@type":"WebPage","@id":"https:\/\/www.sunahla.ch\/?page_id=425","url":"https:\/\/www.sunahla.ch\/?page_id=425","name":"Komplement\u00e4r Therapie Polarity - Komplement\u00e4rtherapeutin HFP | Supervisorin | Coach","isPartOf":{"@id":"https:\/\/www.sunahla.ch\/#website"},"primaryImageOfPage":{"@id":"https:\/\/www.sunahla.ch\/?page_id=425#primaryimage"},"image":{"@id":"https:\/\/www.sunahla.ch\/?page_id=425#primaryimage"},"thumbnailUrl":"https:\/\/sunahla.ch\/wp-content\/uploads\/2021\/05\/21-Polaritytherapie.jpg","datePublished":"2021-04-10T04:42:28+00:00","dateModified":"2025-04-28T11:12:55+00:00","description":"Komplementaer Therapie Polarity psychologische Beratung Counseling Gespr\u00e4ch Atem Online Yoga Ersch\u00f6pfung Depression Trauer Angst Schmerzen","breadcrumb":{"@id":"https:\/\/www.sunahla.ch\/?page_id=425#breadcrumb"},"inLanguage":"de-CH","potentialAction":[{"@type":"ReadAction","target":["https:\/\/www.sunahla.ch\/?page_id=425"]}]},{"@type":"ImageObject","inLanguage":"de-CH","@id":"https:\/\/www.sunahla.ch\/?page_id=425#primaryimage","url":"https:\/\/sunahla.ch\/wp-content\/uploads\/2021\/05\/21-Polaritytherapie.jpg","contentUrl":"https:\/\/sunahla.ch\/wp-content\/uploads\/2021\/05\/21-Polaritytherapie.jpg"},{"@type":"BreadcrumbList","@id":"https:\/\/www.sunahla.ch\/?page_id=425#breadcrumb","itemListElement":[{"@type":"ListItem","position":1,"name":"Home","item":"https:\/\/www.sunahla.ch\/"},{"@type":"ListItem","position":2,"name":"Komplement\u00e4r Therapie Polarity"}]},{"@type":"WebSite","@id":"https:\/\/www.sunahla.ch\/#website","url":"https:\/\/www.sunahla.ch\/","name":"Komplement\u00e4rtherapeutin HFP | Supervisorin | Coach","description":"Sunahla Nicole Sthioul | Komplement\u00e4rtherapeutin HFP | Supervisorin | Coach","publisher":{"@id":"https:\/\/www.sunahla.ch\/#organization"},"potentialAction":[{"@type":"SearchAction","target":{"@type":"EntryPoint","urlTemplate":"https:\/\/www.sunahla.ch\/?s={search_term_string}"},"query-input":{"@type":"PropertyValueSpecification","valueRequired":true,"valueName":"search_term_string"}}],"inLanguage":"de-CH"},{"@type":"Organization","@id":"https:\/\/www.sunahla.ch\/#organization","name":"Komplement\u00e4rtherapeutin HFP | Supervisorin | Coach","url":"https:\/\/www.sunahla.ch\/","logo":{"@type":"ImageObject","inLanguage":"de-CH","@id":"https:\/\/www.sunahla.ch\/#\/schema\/logo\/image\/","url":"https:\/\/www.sunahla.ch\/wp-content\/uploads\/2021\/03\/Logo.png","contentUrl":"https:\/\/www.sunahla.ch\/wp-content\/uploads\/2021\/03\/Logo.png","width":80,"height":80,"caption":"Komplement\u00e4rtherapeutin HFP | Supervisorin | Coach"},"image":{"@id":"https:\/\/www.sunahla.ch\/#\/schema\/logo\/image\/"}}]}},"_links":{"self":[{"href":"https:\/\/www.sunahla.ch\/index.php?rest_route=\/wp\/v2\/pages\/425","targetHints":{"allow":["GET"]}}],"collection":[{"href":"https:\/\/www.sunahla.ch\/index.php?rest_route=\/wp\/v2\/pages"}],"about":[{"href":"https:\/\/www.sunahla.ch\/index.php?rest_route=\/wp\/v2\/types\/page"}],"author":[{"embeddable":true,"href":"https:\/\/www.sunahla.ch\/index.php?rest_route=\/wp\/v2\/users\/1"}],"replies":[{"embeddable":true,"href":"https:\/\/www.sunahla.ch\/index.php?rest_route=%2Fwp%2Fv2%2Fcomments&post=425"}],"version-history":[{"count":54,"href":"https:\/\/www.sunahla.ch\/index.php?rest_route=\/wp\/v2\/pages\/425\/revisions"}],"predecessor-version":[{"id":1748,"href":"https:\/\/www.sunahla.ch\/index.php?rest_route=\/wp\/v2\/pages\/425\/revisions\/1748"}],"wp:attachment":[{"href":"https:\/\/www.sunahla.ch\/index.php?rest_route=%2Fwp%2Fv2%2Fmedia&parent=425"}],"curies":[{"name":"wp","href":"https:\/\/api.w.org\/{rel}","templated":true}]}}