{"id":198,"date":"2021-04-02T05:49:47","date_gmt":"2021-04-02T05:49:47","guid":{"rendered":"https:\/\/sunahla.ch\/?page_id=198"},"modified":"2021-05-30T05:46:07","modified_gmt":"2021-05-30T05:46:07","slug":"praxisportraet","status":"publish","type":"page","link":"https:\/\/www.sunahla.ch\/?page_id=198","title":{"rendered":"Praxisportr\u00e4t"},"content":{"rendered":"<div class=\"wp-block-columns alignwide\">\n<div class=\"wp-block-column\">\n<div class=\"wp-block-group\">\n<div class=\"wp-block-group__inner-container\">\n<figure class=\"wp-block-image alignfull size-full\"><a href=\"https:\/\/sunahla.ch\/?page_id=459\"><img decoding=\"async\" class=\"wp-image-37\" src=\"https:\/\/sunahla.ch\/wp-content\/uploads\/2021\/05\/41-Ueber-mich.jpg\" alt=\"\u00dcber mich\" \/><\/p>\n<h3>\u00dcber mich<\/h3>\n<p><\/a><\/figure>\n<\/div>\n<\/div>\n<div class=\"wp-block-group\">\n<div class=\"wp-block-group__inner-container\">\n<figure class=\"wp-block-image alignfull size-full\"><a href=\"https:\/\/sunahla.ch\/?page_id=463\"><img decoding=\"async\" class=\"wp-image-37\" src=\"https:\/\/sunahla.ch\/wp-content\/uploads\/2021\/05\/43-Preise.jpg\" alt=\"Preise\" \/><\/p>\n<h3>Preise<\/h3>\n<p><\/a><\/figure>\n<\/div>\n<\/div>\n<\/div>\n<div class=\"wp-block-column\">\n<div class=\"wp-block-group\">\n<div class=\"wp-block-group__inner-container\">\n<figure class=\"wp-block-image alignfull size-full\"><a href=\"https:\/\/sunahla.ch\/?page_id=461\"><img decoding=\"async\" class=\"wp-image-37\" src=\"https:\/\/sunahla.ch\/wp-content\/uploads\/2021\/05\/42-Wegbeschreibung.jpg\" alt=\"Wegbeschreibung \/ Standort\" \/><\/p>\n<h3>Wegbeschreibung \/ Standort<\/h3>\n<p><\/a><\/figure>\n<\/div>\n<\/div>\n<div class=\"wp-block-group\">\n<div class=\"wp-block-group__inner-container\">\n<figure class=\"wp-block-image alignfull size-full\"><a href=\"https:\/\/sunahla.ch\/?page_id=465\"><img decoding=\"async\" class=\"wp-image-37\" src=\"https:\/\/sunahla.ch\/wp-content\/uploads\/2021\/05\/44-Netzwerk.jpg\"\" alt=\"Netzwerk\" \/><\/p>\n<h3>Netzwerk<\/h3>\n<p><\/a><\/figure>\n<\/div>\n<\/div>\n<\/div>\n<\/div>\n","protected":false},"excerpt":{"rendered":"<p>\u00dcber mich Preise Wegbeschreibung \/ Standort<\/p>\n","protected":false},"author":1,"featured_media":0,"parent":0,"menu_order":0,"comment_status":"closed","ping_status":"closed","template":"","meta":{"footnotes":""},"class_list":["post-198","page","type-page","status-publish","hentry"],"yoast_head":"<!-- This site is optimized with the Yoast SEO plugin v27.4 - https:\/\/yoast.com\/product\/yoast-seo-wordpress\/ -->\n<title>Praxisportr\u00e4t - Komplement\u00e4rtherapeutin HFP | Supervisorin | Coach<\/title>\n<meta name=\"robots\" content=\"index, follow, max-snippet:-1, max-image-preview:large, max-video-preview:-1\" \/>\n<link rel=\"canonical\" href=\"https:\/\/www.sunahla.ch\/?page_id=198\" \/>\n<meta property=\"og:locale\" content=\"de_DE\" \/>\n<meta property=\"og:type\" content=\"article\" \/>\n<meta property=\"og:title\" content=\"Praxisportr\u00e4t - Komplement\u00e4rtherapeutin HFP | Supervisorin | Coach\" \/>\n<meta property=\"og:description\" content=\"\u00dcber mich Preise Wegbeschreibung \/ Standort\" \/>\n<meta property=\"og:url\" content=\"https:\/\/www.sunahla.ch\/?page_id=198\" \/>\n<meta property=\"og:site_name\" content=\"Komplement\u00e4rtherapeutin HFP | Supervisorin | Coach\" \/>\n<meta property=\"article:modified_time\" content=\"2021-05-30T05:46:07+00:00\" \/>\n<meta property=\"og:image\" content=\"https:\/\/sunahla.ch\/wp-content\/uploads\/2021\/05\/41-Ueber-mich.jpg\" \/>\n<meta name=\"twitter:card\" content=\"summary_large_image\" \/>\n<script type=\"application\/ld+json\" class=\"yoast-schema-graph\">{\"@context\":\"https:\\\/\\\/schema.org\",\"@graph\":[{\"@type\":\"WebPage\",\"@id\":\"https:\\\/\\\/www.sunahla.ch\\\/?page_id=198\",\"url\":\"https:\\\/\\\/www.sunahla.ch\\\/?page_id=198\",\"name\":\"Praxisportr\u00e4t - Komplement\u00e4rtherapeutin HFP | Supervisorin | Coach\",\"isPartOf\":{\"@id\":\"https:\\\/\\\/www.sunahla.ch\\\/#website\"},\"primaryImageOfPage\":{\"@id\":\"https:\\\/\\\/www.sunahla.ch\\\/?page_id=198#primaryimage\"},\"image\":{\"@id\":\"https:\\\/\\\/www.sunahla.ch\\\/?page_id=198#primaryimage\"},\"thumbnailUrl\":\"https:\\\/\\\/sunahla.ch\\\/wp-content\\\/uploads\\\/2021\\\/05\\\/41-Ueber-mich.jpg\",\"datePublished\":\"2021-04-02T05:49:47+00:00\",\"dateModified\":\"2021-05-30T05:46:07+00:00\",\"breadcrumb\":{\"@id\":\"https:\\\/\\\/www.sunahla.ch\\\/?page_id=198#breadcrumb\"},\"inLanguage\":\"de-CH\",\"potentialAction\":[{\"@type\":\"ReadAction\",\"target\":[\"https:\\\/\\\/www.sunahla.ch\\\/?page_id=198\"]}]},{\"@type\":\"ImageObject\",\"inLanguage\":\"de-CH\",\"@id\":\"https:\\\/\\\/www.sunahla.ch\\\/?page_id=198#primaryimage\",\"url\":\"https:\\\/\\\/sunahla.ch\\\/wp-content\\\/uploads\\\/2021\\\/05\\\/41-Ueber-mich.jpg\",\"contentUrl\":\"https:\\\/\\\/sunahla.ch\\\/wp-content\\\/uploads\\\/2021\\\/05\\\/41-Ueber-mich.jpg\"},{\"@type\":\"BreadcrumbList\",\"@id\":\"https:\\\/\\\/www.sunahla.ch\\\/?page_id=198#breadcrumb\",\"itemListElement\":[{\"@type\":\"ListItem\",\"position\":1,\"name\":\"Home\",\"item\":\"https:\\\/\\\/www.sunahla.ch\\\/\"},{\"@type\":\"ListItem\",\"position\":2,\"name\":\"Praxisportr\u00e4t\"}]},{\"@type\":\"WebSite\",\"@id\":\"https:\\\/\\\/www.sunahla.ch\\\/#website\",\"url\":\"https:\\\/\\\/www.sunahla.ch\\\/\",\"name\":\"Komplement\u00e4rtherapeutin HFP | Supervisorin | Coach\",\"description\":\"Sunahla Nicole Sthioul | Komplement\u00e4rtherapeutin HFP | Supervisorin | Coach\",\"publisher\":{\"@id\":\"https:\\\/\\\/www.sunahla.ch\\\/#organization\"},\"potentialAction\":[{\"@type\":\"SearchAction\",\"target\":{\"@type\":\"EntryPoint\",\"urlTemplate\":\"https:\\\/\\\/www.sunahla.ch\\\/?s={search_term_string}\"},\"query-input\":{\"@type\":\"PropertyValueSpecification\",\"valueRequired\":true,\"valueName\":\"search_term_string\"}}],\"inLanguage\":\"de-CH\"},{\"@type\":\"Organization\",\"@id\":\"https:\\\/\\\/www.sunahla.ch\\\/#organization\",\"name\":\"Komplement\u00e4rtherapeutin HFP | Supervisorin | Coach\",\"url\":\"https:\\\/\\\/www.sunahla.ch\\\/\",\"logo\":{\"@type\":\"ImageObject\",\"inLanguage\":\"de-CH\",\"@id\":\"https:\\\/\\\/www.sunahla.ch\\\/#\\\/schema\\\/logo\\\/image\\\/\",\"url\":\"https:\\\/\\\/www.sunahla.ch\\\/wp-content\\\/uploads\\\/2021\\\/03\\\/Logo.png\",\"contentUrl\":\"https:\\\/\\\/www.sunahla.ch\\\/wp-content\\\/uploads\\\/2021\\\/03\\\/Logo.png\",\"width\":80,\"height\":80,\"caption\":\"Komplement\u00e4rtherapeutin HFP | Supervisorin | Coach\"},\"image\":{\"@id\":\"https:\\\/\\\/www.sunahla.ch\\\/#\\\/schema\\\/logo\\\/image\\\/\"}}]}<\/script>\n<!-- \/ Yoast SEO plugin. -->","yoast_head_json":{"title":"Praxisportr\u00e4t - Komplement\u00e4rtherapeutin HFP | Supervisorin | Coach","robots":{"index":"index","follow":"follow","max-snippet":"max-snippet:-1","max-image-preview":"max-image-preview:large","max-video-preview":"max-video-preview:-1"},"canonical":"https:\/\/www.sunahla.ch\/?page_id=198","og_locale":"de_DE","og_type":"article","og_title":"Praxisportr\u00e4t - Komplement\u00e4rtherapeutin HFP | Supervisorin | Coach","og_description":"\u00dcber mich Preise Wegbeschreibung \/ Standort","og_url":"https:\/\/www.sunahla.ch\/?page_id=198","og_site_name":"Komplement\u00e4rtherapeutin HFP | Supervisorin | Coach","article_modified_time":"2021-05-30T05:46:07+00:00","og_image":[{"url":"https:\/\/sunahla.ch\/wp-content\/uploads\/2021\/05\/41-Ueber-mich.jpg","type":"","width":"","height":""}],"twitter_card":"summary_large_image","schema":{"@context":"https:\/\/schema.org","@graph":[{"@type":"WebPage","@id":"https:\/\/www.sunahla.ch\/?page_id=198","url":"https:\/\/www.sunahla.ch\/?page_id=198","name":"Praxisportr\u00e4t - Komplement\u00e4rtherapeutin HFP | Supervisorin | Coach","isPartOf":{"@id":"https:\/\/www.sunahla.ch\/#website"},"primaryImageOfPage":{"@id":"https:\/\/www.sunahla.ch\/?page_id=198#primaryimage"},"image":{"@id":"https:\/\/www.sunahla.ch\/?page_id=198#primaryimage"},"thumbnailUrl":"https:\/\/sunahla.ch\/wp-content\/uploads\/2021\/05\/41-Ueber-mich.jpg","datePublished":"2021-04-02T05:49:47+00:00","dateModified":"2021-05-30T05:46:07+00:00","breadcrumb":{"@id":"https:\/\/www.sunahla.ch\/?page_id=198#breadcrumb"},"inLanguage":"de-CH","potentialAction":[{"@type":"ReadAction","target":["https:\/\/www.sunahla.ch\/?page_id=198"]}]},{"@type":"ImageObject","inLanguage":"de-CH","@id":"https:\/\/www.sunahla.ch\/?page_id=198#primaryimage","url":"https:\/\/sunahla.ch\/wp-content\/uploads\/2021\/05\/41-Ueber-mich.jpg","contentUrl":"https:\/\/sunahla.ch\/wp-content\/uploads\/2021\/05\/41-Ueber-mich.jpg"},{"@type":"BreadcrumbList","@id":"https:\/\/www.sunahla.ch\/?page_id=198#breadcrumb","itemListElement":[{"@type":"ListItem","position":1,"name":"Home","item":"https:\/\/www.sunahla.ch\/"},{"@type":"ListItem","position":2,"name":"Praxisportr\u00e4t"}]},{"@type":"WebSite","@id":"https:\/\/www.sunahla.ch\/#website","url":"https:\/\/www.sunahla.ch\/","name":"Komplement\u00e4rtherapeutin HFP | Supervisorin | Coach","description":"Sunahla Nicole Sthioul | Komplement\u00e4rtherapeutin HFP | Supervisorin | Coach","publisher":{"@id":"https:\/\/www.sunahla.ch\/#organization"},"potentialAction":[{"@type":"SearchAction","target":{"@type":"EntryPoint","urlTemplate":"https:\/\/www.sunahla.ch\/?s={search_term_string}"},"query-input":{"@type":"PropertyValueSpecification","valueRequired":true,"valueName":"search_term_string"}}],"inLanguage":"de-CH"},{"@type":"Organization","@id":"https:\/\/www.sunahla.ch\/#organization","name":"Komplement\u00e4rtherapeutin HFP | Supervisorin | Coach","url":"https:\/\/www.sunahla.ch\/","logo":{"@type":"ImageObject","inLanguage":"de-CH","@id":"https:\/\/www.sunahla.ch\/#\/schema\/logo\/image\/","url":"https:\/\/www.sunahla.ch\/wp-content\/uploads\/2021\/03\/Logo.png","contentUrl":"https:\/\/www.sunahla.ch\/wp-content\/uploads\/2021\/03\/Logo.png","width":80,"height":80,"caption":"Komplement\u00e4rtherapeutin HFP | Supervisorin | Coach"},"image":{"@id":"https:\/\/www.sunahla.ch\/#\/schema\/logo\/image\/"}}]}},"_links":{"self":[{"href":"https:\/\/www.sunahla.ch\/index.php?rest_route=\/wp\/v2\/pages\/198","targetHints":{"allow":["GET"]}}],"collection":[{"href":"https:\/\/www.sunahla.ch\/index.php?rest_route=\/wp\/v2\/pages"}],"about":[{"href":"https:\/\/www.sunahla.ch\/index.php?rest_route=\/wp\/v2\/types\/page"}],"author":[{"embeddable":true,"href":"https:\/\/www.sunahla.ch\/index.php?rest_route=\/wp\/v2\/users\/1"}],"replies":[{"embeddable":true,"href":"https:\/\/www.sunahla.ch\/index.php?rest_route=%2Fwp%2Fv2%2Fcomments&post=198"}],"version-history":[{"count":5,"href":"https:\/\/www.sunahla.ch\/index.php?rest_route=\/wp\/v2\/pages\/198\/revisions"}],"predecessor-version":[{"id":681,"href":"https:\/\/www.sunahla.ch\/index.php?rest_route=\/wp\/v2\/pages\/198\/revisions\/681"}],"wp:attachment":[{"href":"https:\/\/www.sunahla.ch\/index.php?rest_route=%2Fwp%2Fv2%2Fmedia&parent=198"}],"curies":[{"name":"wp","href":"https:\/\/api.w.org\/{rel}","templated":true}]}}