{"id":1836,"date":"2026-01-29T10:34:25","date_gmt":"2026-01-29T09:34:25","guid":{"rendered":"https:\/\/www.sunahla.ch\/?page_id=1836"},"modified":"2026-04-08T17:51:28","modified_gmt":"2026-04-08T15:51:28","slug":"achtsames-yoga-nach-vini-und-polarity-yoga-prinzipien","status":"publish","type":"page","link":"https:\/\/www.sunahla.ch\/?page_id=1836","title":{"rendered":"Achtsames Yoga"},"content":{"rendered":"<h1><strong>Achtsames Yoga nach Vini- und Polarity-Yoga-Prinzipien<\/strong><\/h1>\n<figure id=\"attachment_1837\" aria-describedby=\"caption-attachment-1837\" style=\"width: 300px\" class=\"wp-caption alignnone\"><img loading=\"lazy\" decoding=\"async\" class=\"wp-image-1837 size-medium\" src=\"https:\/\/www.sunahla.ch\/wp-content\/uploads\/2026\/01\/YogaBild-klein-300x200.jpg\" alt=\"Vini &amp; Polarity Yoga\" width=\"300\" height=\"200\" srcset=\"https:\/\/www.sunahla.ch\/wp-content\/uploads\/2026\/01\/YogaBild-klein-300x200.jpg 300w, https:\/\/www.sunahla.ch\/wp-content\/uploads\/2026\/01\/YogaBild-klein-1024x682.jpg 1024w, https:\/\/www.sunahla.ch\/wp-content\/uploads\/2026\/01\/YogaBild-klein-768x512.jpg 768w, https:\/\/www.sunahla.ch\/wp-content\/uploads\/2026\/01\/YogaBild-klein-1536x1024.jpg 1536w, https:\/\/www.sunahla.ch\/wp-content\/uploads\/2026\/01\/YogaBild-klein-1200x800.jpg 1200w, https:\/\/www.sunahla.ch\/wp-content\/uploads\/2026\/01\/YogaBild-klein-1980x1320.jpg 1980w, https:\/\/www.sunahla.ch\/wp-content\/uploads\/2026\/01\/YogaBild-klein.jpg 2000w\" sizes=\"auto, (max-width: 300px) 100vw, 300px\" \/><figcaption id=\"caption-attachment-1837\" class=\"wp-caption-text\">Achtsames Yoga in Ins<\/figcaption><\/figure>\n<p>Sanfte, individuell angepasste Bewegungs- und Atempraxis mit Fokus auf das innere Erleben, die Regulation des Nervensystems und der Entspannung.<\/p>\n<p>Dieses Gruppenangebot verbindet Elemente aus dem Vini Yoga mit ausgew\u00e4hlten Impulsen aus dem Polarity Yoga. Die Praxis besteht nicht aus festgelegten \u00dcbungsabfolgen, sondern aus <strong>einzelnen, achtsam angeleiteten Bewegungs-, Atem- und Wahrnehmungssequenzen<\/strong>, die ressourcenorientiert eingesetzt werden.<\/p>\n<p>Im Zentrum steht das <strong>bewusste Sp\u00fcren<\/strong> und das <strong>verk\u00f6rperte Erleben im eigenen Tempo<\/strong> \u2013 nicht die \u00e4ussere Form einer Yogahaltung.<\/p>\n<p><strong>Wirkung &amp; Ausrichtung<\/strong><\/p>\n<p>Die Praxis unterst\u00fctzt dabei,<\/p>\n<ul>\n<li>das Nervensystem zu regulieren und zu beruhigen<\/li>\n<li>die Selbstwahrnehmung zu vertiefen<\/li>\n<li>innere Spannungen zu l\u00f6sen<\/li>\n<li>Pr\u00e4senz, Stabilit\u00e4t und Selbstkontakt zu f\u00f6rdern<\/li>\n<li>meditative Ruhe im eigenen K\u00f6rper und Geist zu finden<\/li>\n<\/ul>\n<p><strong>Zeit<\/strong><br \/>\n<strong>Montag,<\/strong> <strong>19:30\u201320:30 Uhr<\/strong><\/p>\n<p><strong>Daten 2026: 11.\/ 18. Mai \/ 01.\/ 08.\/ 15.\/ 22.\/ 29. Juni\u00a0<\/strong><\/p>\n<p><strong>03.\/ 10.\/ 17. \/24.\/ 31. August 07. September\u00a0<\/strong><\/p>\n<p><strong>05.\/ 12. \/ 19.\/ 26. Oktober \/ 02. \/09. \/ 16.\/ 23.\/ 30. November<\/strong><\/p>\n<p><strong>07.\/ 14.\/ 21. Dezember\u00a0<\/strong><\/p>\n<p>&nbsp;<\/p>\n<p><strong>Ort<\/strong><br \/>\nPraxis Impuls, B\u00f6blerenweg 2, Ins<\/p>\n<p><strong>Kosten<\/strong><\/p>\n<ul>\n<li>Einzelabend: CHF 32.\u2013<\/li>\n<li>Im Abo: CHF 28.-<\/li>\n<\/ul>\n<p><em>Das Angebot ist komplement\u00e4rtherapeutisch ausgerichtet. Eine Abrechnung \u00fcber die Zusatzversicherung ist \u2013 je nach Krankenkasse \u2013 m\u00f6glich.<\/em><\/p>\n<figure id=\"attachment_1845\" aria-describedby=\"caption-attachment-1845\" style=\"width: 200px\" class=\"wp-caption alignnone\"><img loading=\"lazy\" decoding=\"async\" class=\"wp-image-1845 size-medium\" src=\"https:\/\/www.sunahla.ch\/wp-content\/uploads\/2026\/01\/bild_066_dsc_1388-200x300.jpeg\" alt=\"Achtsames Yoga\" width=\"200\" height=\"300\" srcset=\"https:\/\/www.sunahla.ch\/wp-content\/uploads\/2026\/01\/bild_066_dsc_1388-200x300.jpeg 200w, https:\/\/www.sunahla.ch\/wp-content\/uploads\/2026\/01\/bild_066_dsc_1388.jpeg 427w\" sizes=\"auto, (max-width: 200px) 100vw, 200px\" \/><figcaption id=\"caption-attachment-1845\" class=\"wp-caption-text\">Viny &amp; Polarity Yoga<\/figcaption><\/figure>\n","protected":false},"excerpt":{"rendered":"<p>Achtsames Yoga nach Vini- und Polarity-Yoga-Prinzipien Sanfte, individuell angepasste Bewegungs- und Atempraxis mit Fokus auf das innere Erleben, die Regulation des Nervensystems und der Entspannung. Dieses Gruppenangebot verbindet Elemente aus dem Vini Yoga mit ausgew\u00e4hlten Impulsen aus dem Polarity Yoga. Die Praxis besteht nicht aus festgelegten \u00dcbungsabfolgen, sondern aus einzelnen, achtsam angeleiteten Bewegungs-, Atem- und [&hellip;]<\/p>\n","protected":false},"author":1,"featured_media":0,"parent":0,"menu_order":0,"comment_status":"closed","ping_status":"closed","template":"","meta":{"footnotes":""},"class_list":["post-1836","page","type-page","status-publish","hentry"],"yoast_head":"<!-- This site is optimized with the Yoast SEO plugin v27.4 - https:\/\/yoast.com\/product\/yoast-seo-wordpress\/ -->\n<title>Achtsames Yoga - Komplement\u00e4rtherapeutin HFP | Supervisorin | Coach<\/title>\n<meta name=\"description\" content=\"Sanfte, achtsame, somatische Yoga-Praxis - Nervensystem regulieren &amp; Ruhe finden. Montag 19:15 im B\u00e4rwolfhus in Ins\" \/>\n<meta name=\"robots\" content=\"index, follow, max-snippet:-1, max-image-preview:large, max-video-preview:-1\" \/>\n<link rel=\"canonical\" href=\"https:\/\/www.sunahla.ch\/?page_id=1836\" \/>\n<meta property=\"og:locale\" content=\"de_DE\" \/>\n<meta property=\"og:type\" content=\"article\" \/>\n<meta property=\"og:title\" content=\"Achtsames Yoga - Komplement\u00e4rtherapeutin HFP | Supervisorin | Coach\" \/>\n<meta property=\"og:description\" content=\"Sanfte, achtsame, somatische Yoga-Praxis - Nervensystem regulieren &amp; Ruhe finden. Montag 19:15 im B\u00e4rwolfhus in Ins\" \/>\n<meta property=\"og:url\" content=\"https:\/\/www.sunahla.ch\/?page_id=1836\" \/>\n<meta property=\"og:site_name\" content=\"Komplement\u00e4rtherapeutin HFP | Supervisorin | Coach\" \/>\n<meta property=\"article:modified_time\" content=\"2026-04-08T15:51:28+00:00\" \/>\n<meta property=\"og:image\" content=\"https:\/\/www.sunahla.ch\/wp-content\/uploads\/2026\/01\/YogaBild-klein.jpg\" \/>\n\t<meta property=\"og:image:width\" content=\"2000\" \/>\n\t<meta property=\"og:image:height\" content=\"1333\" \/>\n\t<meta property=\"og:image:type\" content=\"image\/jpeg\" \/>\n<meta name=\"twitter:card\" content=\"summary_large_image\" \/>\n<meta name=\"twitter:label1\" content=\"Gesch\u00e4tzte Lesezeit\" \/>\n\t<meta name=\"twitter:data1\" content=\"2\u00a0Minuten\" \/>\n<script type=\"application\/ld+json\" class=\"yoast-schema-graph\">{\"@context\":\"https:\\\/\\\/schema.org\",\"@graph\":[{\"@type\":\"WebPage\",\"@id\":\"https:\\\/\\\/www.sunahla.ch\\\/?page_id=1836\",\"url\":\"https:\\\/\\\/www.sunahla.ch\\\/?page_id=1836\",\"name\":\"Achtsames Yoga - Komplement\u00e4rtherapeutin HFP | Supervisorin | Coach\",\"isPartOf\":{\"@id\":\"https:\\\/\\\/www.sunahla.ch\\\/#website\"},\"primaryImageOfPage\":{\"@id\":\"https:\\\/\\\/www.sunahla.ch\\\/?page_id=1836#primaryimage\"},\"image\":{\"@id\":\"https:\\\/\\\/www.sunahla.ch\\\/?page_id=1836#primaryimage\"},\"thumbnailUrl\":\"https:\\\/\\\/www.sunahla.ch\\\/wp-content\\\/uploads\\\/2026\\\/01\\\/YogaBild-klein-300x200.jpg\",\"datePublished\":\"2026-01-29T09:34:25+00:00\",\"dateModified\":\"2026-04-08T15:51:28+00:00\",\"description\":\"Sanfte, achtsame, somatische Yoga-Praxis - Nervensystem regulieren & Ruhe finden. Montag 19:15 im B\u00e4rwolfhus in Ins\",\"breadcrumb\":{\"@id\":\"https:\\\/\\\/www.sunahla.ch\\\/?page_id=1836#breadcrumb\"},\"inLanguage\":\"de-CH\",\"potentialAction\":[{\"@type\":\"ReadAction\",\"target\":[\"https:\\\/\\\/www.sunahla.ch\\\/?page_id=1836\"]}]},{\"@type\":\"ImageObject\",\"inLanguage\":\"de-CH\",\"@id\":\"https:\\\/\\\/www.sunahla.ch\\\/?page_id=1836#primaryimage\",\"url\":\"https:\\\/\\\/www.sunahla.ch\\\/wp-content\\\/uploads\\\/2026\\\/01\\\/YogaBild-klein.jpg\",\"contentUrl\":\"https:\\\/\\\/www.sunahla.ch\\\/wp-content\\\/uploads\\\/2026\\\/01\\\/YogaBild-klein.jpg\",\"width\":2000,\"height\":1333,\"caption\":\"Young woman practicing yoga outdoors\"},{\"@type\":\"BreadcrumbList\",\"@id\":\"https:\\\/\\\/www.sunahla.ch\\\/?page_id=1836#breadcrumb\",\"itemListElement\":[{\"@type\":\"ListItem\",\"position\":1,\"name\":\"Home\",\"item\":\"https:\\\/\\\/www.sunahla.ch\\\/\"},{\"@type\":\"ListItem\",\"position\":2,\"name\":\"Achtsames Yoga\"}]},{\"@type\":\"WebSite\",\"@id\":\"https:\\\/\\\/www.sunahla.ch\\\/#website\",\"url\":\"https:\\\/\\\/www.sunahla.ch\\\/\",\"name\":\"Komplement\u00e4rtherapeutin HFP | Supervisorin | Coach\",\"description\":\"Sunahla Nicole Sthioul | Komplement\u00e4rtherapeutin HFP | Supervisorin | Coach\",\"publisher\":{\"@id\":\"https:\\\/\\\/www.sunahla.ch\\\/#organization\"},\"potentialAction\":[{\"@type\":\"SearchAction\",\"target\":{\"@type\":\"EntryPoint\",\"urlTemplate\":\"https:\\\/\\\/www.sunahla.ch\\\/?s={search_term_string}\"},\"query-input\":{\"@type\":\"PropertyValueSpecification\",\"valueRequired\":true,\"valueName\":\"search_term_string\"}}],\"inLanguage\":\"de-CH\"},{\"@type\":\"Organization\",\"@id\":\"https:\\\/\\\/www.sunahla.ch\\\/#organization\",\"name\":\"Komplement\u00e4rtherapeutin HFP | Supervisorin | Coach\",\"url\":\"https:\\\/\\\/www.sunahla.ch\\\/\",\"logo\":{\"@type\":\"ImageObject\",\"inLanguage\":\"de-CH\",\"@id\":\"https:\\\/\\\/www.sunahla.ch\\\/#\\\/schema\\\/logo\\\/image\\\/\",\"url\":\"https:\\\/\\\/www.sunahla.ch\\\/wp-content\\\/uploads\\\/2021\\\/03\\\/Logo.png\",\"contentUrl\":\"https:\\\/\\\/www.sunahla.ch\\\/wp-content\\\/uploads\\\/2021\\\/03\\\/Logo.png\",\"width\":80,\"height\":80,\"caption\":\"Komplement\u00e4rtherapeutin HFP | Supervisorin | Coach\"},\"image\":{\"@id\":\"https:\\\/\\\/www.sunahla.ch\\\/#\\\/schema\\\/logo\\\/image\\\/\"}}]}<\/script>\n<!-- \/ Yoast SEO plugin. -->","yoast_head_json":{"title":"Achtsames Yoga - Komplement\u00e4rtherapeutin HFP | Supervisorin | Coach","description":"Sanfte, achtsame, somatische Yoga-Praxis - Nervensystem regulieren & Ruhe finden. Montag 19:15 im B\u00e4rwolfhus in Ins","robots":{"index":"index","follow":"follow","max-snippet":"max-snippet:-1","max-image-preview":"max-image-preview:large","max-video-preview":"max-video-preview:-1"},"canonical":"https:\/\/www.sunahla.ch\/?page_id=1836","og_locale":"de_DE","og_type":"article","og_title":"Achtsames Yoga - Komplement\u00e4rtherapeutin HFP | Supervisorin | Coach","og_description":"Sanfte, achtsame, somatische Yoga-Praxis - Nervensystem regulieren & Ruhe finden. Montag 19:15 im B\u00e4rwolfhus in Ins","og_url":"https:\/\/www.sunahla.ch\/?page_id=1836","og_site_name":"Komplement\u00e4rtherapeutin HFP | Supervisorin | Coach","article_modified_time":"2026-04-08T15:51:28+00:00","og_image":[{"width":2000,"height":1333,"url":"https:\/\/www.sunahla.ch\/wp-content\/uploads\/2026\/01\/YogaBild-klein.jpg","type":"image\/jpeg"}],"twitter_card":"summary_large_image","twitter_misc":{"Gesch\u00e4tzte Lesezeit":"2\u00a0Minuten"},"schema":{"@context":"https:\/\/schema.org","@graph":[{"@type":"WebPage","@id":"https:\/\/www.sunahla.ch\/?page_id=1836","url":"https:\/\/www.sunahla.ch\/?page_id=1836","name":"Achtsames Yoga - Komplement\u00e4rtherapeutin HFP | Supervisorin | Coach","isPartOf":{"@id":"https:\/\/www.sunahla.ch\/#website"},"primaryImageOfPage":{"@id":"https:\/\/www.sunahla.ch\/?page_id=1836#primaryimage"},"image":{"@id":"https:\/\/www.sunahla.ch\/?page_id=1836#primaryimage"},"thumbnailUrl":"https:\/\/www.sunahla.ch\/wp-content\/uploads\/2026\/01\/YogaBild-klein-300x200.jpg","datePublished":"2026-01-29T09:34:25+00:00","dateModified":"2026-04-08T15:51:28+00:00","description":"Sanfte, achtsame, somatische Yoga-Praxis - Nervensystem regulieren & Ruhe finden. Montag 19:15 im B\u00e4rwolfhus in Ins","breadcrumb":{"@id":"https:\/\/www.sunahla.ch\/?page_id=1836#breadcrumb"},"inLanguage":"de-CH","potentialAction":[{"@type":"ReadAction","target":["https:\/\/www.sunahla.ch\/?page_id=1836"]}]},{"@type":"ImageObject","inLanguage":"de-CH","@id":"https:\/\/www.sunahla.ch\/?page_id=1836#primaryimage","url":"https:\/\/www.sunahla.ch\/wp-content\/uploads\/2026\/01\/YogaBild-klein.jpg","contentUrl":"https:\/\/www.sunahla.ch\/wp-content\/uploads\/2026\/01\/YogaBild-klein.jpg","width":2000,"height":1333,"caption":"Young woman practicing yoga outdoors"},{"@type":"BreadcrumbList","@id":"https:\/\/www.sunahla.ch\/?page_id=1836#breadcrumb","itemListElement":[{"@type":"ListItem","position":1,"name":"Home","item":"https:\/\/www.sunahla.ch\/"},{"@type":"ListItem","position":2,"name":"Achtsames Yoga"}]},{"@type":"WebSite","@id":"https:\/\/www.sunahla.ch\/#website","url":"https:\/\/www.sunahla.ch\/","name":"Komplement\u00e4rtherapeutin HFP | Supervisorin | Coach","description":"Sunahla Nicole Sthioul | Komplement\u00e4rtherapeutin HFP | Supervisorin | Coach","publisher":{"@id":"https:\/\/www.sunahla.ch\/#organization"},"potentialAction":[{"@type":"SearchAction","target":{"@type":"EntryPoint","urlTemplate":"https:\/\/www.sunahla.ch\/?s={search_term_string}"},"query-input":{"@type":"PropertyValueSpecification","valueRequired":true,"valueName":"search_term_string"}}],"inLanguage":"de-CH"},{"@type":"Organization","@id":"https:\/\/www.sunahla.ch\/#organization","name":"Komplement\u00e4rtherapeutin HFP | Supervisorin | Coach","url":"https:\/\/www.sunahla.ch\/","logo":{"@type":"ImageObject","inLanguage":"de-CH","@id":"https:\/\/www.sunahla.ch\/#\/schema\/logo\/image\/","url":"https:\/\/www.sunahla.ch\/wp-content\/uploads\/2021\/03\/Logo.png","contentUrl":"https:\/\/www.sunahla.ch\/wp-content\/uploads\/2021\/03\/Logo.png","width":80,"height":80,"caption":"Komplement\u00e4rtherapeutin HFP | Supervisorin | Coach"},"image":{"@id":"https:\/\/www.sunahla.ch\/#\/schema\/logo\/image\/"}}]}},"_links":{"self":[{"href":"https:\/\/www.sunahla.ch\/index.php?rest_route=\/wp\/v2\/pages\/1836","targetHints":{"allow":["GET"]}}],"collection":[{"href":"https:\/\/www.sunahla.ch\/index.php?rest_route=\/wp\/v2\/pages"}],"about":[{"href":"https:\/\/www.sunahla.ch\/index.php?rest_route=\/wp\/v2\/types\/page"}],"author":[{"embeddable":true,"href":"https:\/\/www.sunahla.ch\/index.php?rest_route=\/wp\/v2\/users\/1"}],"replies":[{"embeddable":true,"href":"https:\/\/www.sunahla.ch\/index.php?rest_route=%2Fwp%2Fv2%2Fcomments&post=1836"}],"version-history":[{"count":8,"href":"https:\/\/www.sunahla.ch\/index.php?rest_route=\/wp\/v2\/pages\/1836\/revisions"}],"predecessor-version":[{"id":1887,"href":"https:\/\/www.sunahla.ch\/index.php?rest_route=\/wp\/v2\/pages\/1836\/revisions\/1887"}],"wp:attachment":[{"href":"https:\/\/www.sunahla.ch\/index.php?rest_route=%2Fwp%2Fv2%2Fmedia&parent=1836"}],"curies":[{"name":"wp","href":"https:\/\/api.w.org\/{rel}","templated":true}]}}